{"id":8,"date":"2024-09-10T16:12:25","date_gmt":"2024-09-10T16:12:25","guid":{"rendered":"http:\/\/brailleoku.com.tr\/?page_id=8"},"modified":"2024-09-13T10:39:25","modified_gmt":"2024-09-13T10:39:25","slug":"proje-ekibi","status":"publish","type":"page","link":"https:\/\/brailleoku.com.tr\/?page_id=8","title":{"rendered":"Proje Ekibi"},"content":{"rendered":"\n<p><strong>Y\u00fcr\u00fct\u00fcc\u00fc<\/strong><\/p>\n\n\n\n<div class=\"wp-block-media-text is-stacked-on-mobile\" style=\"grid-template-columns:20% auto\"><figure class=\"wp-block-media-text__media\"><img loading=\"lazy\" decoding=\"async\" width=\"320\" height=\"398\" src=\"http:\/\/brailleoku.com.tr\/wp-content\/uploads\/2024\/09\/Ekran-goruntusu-2024-09-10-213441.png\" alt=\"\" class=\"wp-image-28 size-full\" srcset=\"https:\/\/brailleoku.com.tr\/wp-content\/uploads\/2024\/09\/Ekran-goruntusu-2024-09-10-213441.png 320w, https:\/\/brailleoku.com.tr\/wp-content\/uploads\/2024\/09\/Ekran-goruntusu-2024-09-10-213441-241x300.png 241w\" sizes=\"(max-width: 320px) 100vw, 320px\" \/><\/figure><div class=\"wp-block-media-text__content\">\n<p><strong>Do\u00e7. Dr. Cem Aslan<\/strong><\/p>\n\n\n\n<p><a href=\"mailto:cemaslan@gazi.edu.tr\">cemaslan@gazi.edu.tr<\/a><\/p>\n\n\n\n<p>&nbsp;<a href=\"tel:0312 202 19 18\">0312 202 19 18<\/a><\/p>\n<\/div><\/div>\n\n\n\n<p><strong>Ara\u015ft\u0131rmac\u0131lar<\/strong><\/p>\n\n\n\n<div class=\"wp-block-media-text is-stacked-on-mobile\" style=\"grid-template-columns:20% auto\"><figure class=\"wp-block-media-text__media\"><img loading=\"lazy\" decoding=\"async\" width=\"313\" height=\"396\" src=\"http:\/\/brailleoku.com.tr\/wp-content\/uploads\/2024\/09\/Ekran-goruntusu-2024-09-13-124241.png\" alt=\"\" class=\"wp-image-36 size-full\" srcset=\"https:\/\/brailleoku.com.tr\/wp-content\/uploads\/2024\/09\/Ekran-goruntusu-2024-09-13-124241.png 313w, https:\/\/brailleoku.com.tr\/wp-content\/uploads\/2024\/09\/Ekran-goruntusu-2024-09-13-124241-237x300.png 237w\" sizes=\"(max-width: 313px) 100vw, 313px\" \/><\/figure><div class=\"wp-block-media-text__content\">\n<p><strong>Prof. Dr. \u00c7elebi Uluyol<\/strong><\/p>\n\n\n\n<p><a href=\"mailto:celebi@gazi.edu.tr\">celebi@gazi.edu.tr<\/a><\/p>\n\n\n\n<ul class=\"wp-block-social-links is-layout-flex wp-block-social-links-is-layout-flex\"><\/ul>\n<\/div><\/div>\n\n\n\n<div class=\"wp-block-media-text is-stacked-on-mobile\" style=\"grid-template-columns:20% auto\"><figure class=\"wp-block-media-text__media\"><img loading=\"lazy\" decoding=\"async\" width=\"307\" height=\"309\" src=\"http:\/\/brailleoku.com.tr\/wp-content\/uploads\/2024\/09\/Ekran-goruntusu-2024-09-13-124757.png\" alt=\"\" class=\"wp-image-37 size-full\" srcset=\"https:\/\/brailleoku.com.tr\/wp-content\/uploads\/2024\/09\/Ekran-goruntusu-2024-09-13-124757.png 307w, https:\/\/brailleoku.com.tr\/wp-content\/uploads\/2024\/09\/Ekran-goruntusu-2024-09-13-124757-298x300.png 298w, https:\/\/brailleoku.com.tr\/wp-content\/uploads\/2024\/09\/Ekran-goruntusu-2024-09-13-124757-150x150.png 150w\" sizes=\"(max-width: 307px) 100vw, 307px\" \/><\/figure><div class=\"wp-block-media-text__content\">\n<p><strong>Prof. Dr. P\u0131nar \u015eafak<\/strong><\/p>\n\n\n\n<p><a href=\"mailto:apinar@gazi.edu.tr\">apinar@gazi.edu.tr<\/a><\/p>\n<\/div><\/div>\n\n\n\n<p><\/p>\n\n\n\n<p>Bursiyerler<\/p>\n","protected":false},"excerpt":{"rendered":"<p>Y\u00fcr\u00fct\u00fcc\u00fc Do\u00e7. Dr. Cem Aslan cemaslan@gazi.edu.tr &nbsp;0312 202 19 18 Ara\u015ft\u0131rmac\u0131lar Prof. Dr. P\u0131nar \u015eafak apinar@gazi.edu.tr Bursiyerler<\/p>\n","protected":false},"author":1,"featured_media":0,"parent":0,"menu_order":0,"comment_status":"closed","ping_status":"closed","template":"","meta":{"footnotes":""},"_links":{"self":[{"href":"https:\/\/brailleoku.com.tr\/index.php?rest_route=\/wp\/v2\/pages\/8"}],"collection":[{"href":"https:\/\/brailleoku.com.tr\/index.php?rest_route=\/wp\/v2\/pages"}],"about":[{"href":"https:\/\/brailleoku.com.tr\/index.php?rest_route=\/wp\/v2\/types\/page"}],"author":[{"embeddable":true,"href":"https:\/\/brailleoku.com.tr\/index.php?rest_route=\/wp\/v2\/users\/1"}],"replies":[{"embeddable":true,"href":"https:\/\/brailleoku.com.tr\/index.php?rest_route=%2Fwp%2Fv2%2Fcomments&post=8"}],"version-history":[{"count":5,"href":"https:\/\/brailleoku.com.tr\/index.php?rest_route=\/wp\/v2\/pages\/8\/revisions"}],"predecessor-version":[{"id":38,"href":"https:\/\/brailleoku.com.tr\/index.php?rest_route=\/wp\/v2\/pages\/8\/revisions\/38"}],"wp:attachment":[{"href":"https:\/\/brailleoku.com.tr\/index.php?rest_route=%2Fwp%2Fv2%2Fmedia&parent=8"}],"curies":[{"name":"wp","href":"https:\/\/api.w.org\/{rel}","templated":true}]}}