{"id":10,"date":"2024-09-10T16:13:36","date_gmt":"2024-09-10T16:13:36","guid":{"rendered":"http:\/\/brailleoku.com.tr\/?page_id=10"},"modified":"2024-09-13T09:07:07","modified_gmt":"2024-09-13T09:07:07","slug":"proje-hakkinda","status":"publish","type":"page","link":"https:\/\/brailleoku.com.tr\/?page_id=10","title":{"rendered":"Proje Hakk\u0131nda"},"content":{"rendered":"\n<p><strong><mark style=\"background-color:rgba(0, 0, 0, 0)\" class=\"has-inline-color has-foreground-color\">Projenin Amac\u0131<\/mark><\/strong><\/p>\n\n\n\n<p>Bu projenin genel amac\u0131; g\u00f6ren bireylere braille yaz\u0131y\u0131 g\u00f6rsel olarak okumay\u0131 \u00f6\u011fretmeye y\u00f6nelik web tabanl\u0131 bir \u00f6\u011fretim platformunun tasarlanmas\u0131, uygulanmas\u0131 ve de\u011ferlendirilmesidir. Bu genel ama\u00e7 do\u011frultusunda g\u00f6ren bireylerin;<\/p>\n\n\n\n<ul>\n<li>Braille yaz\u0131 sistemi hakk\u0131nda genel bilgiler edinmeleri,<\/li>\n\n\n\n<li>Braille harfleri ve rakamlar\u0131 okumalar\u0131,<\/li>\n\n\n\n<li>Braille harf ve noktalama i\u015faretlerini okumay\u0131 \u00f6\u011frenmeleri,<\/li>\n\n\n\n<li>Tek (bir) ve iki harfli k\u0131saltmalar\u0131 okumay\u0131 \u00f6\u011frenmeleri,<\/li>\n\n\n\n<li>Hece, kelime k\u00f6k\u00fc ve kelime par\u00e7as\u0131 k\u0131saltmalar\u0131n\u0131 okumay\u0131,<\/li>\n\n\n\n<li>Kelime k\u00f6k\u00fc ve kelime par\u00e7as\u0131 k\u0131saltmalar\u0131n\u0131 g\u00f6rsel okumay\u0131 \u00f6\u011frenmeleri hedeflenmektedir.<\/li>\n<\/ul>\n","protected":false},"excerpt":{"rendered":"<p>Projenin Amac\u0131 Bu projenin genel amac\u0131; g\u00f6ren bireylere braille yaz\u0131y\u0131 g\u00f6rsel olarak okumay\u0131 \u00f6\u011fretmeye y\u00f6nelik web tabanl\u0131 bir \u00f6\u011fretim platformunun tasarlanmas\u0131, uygulanmas\u0131 ve de\u011ferlendirilmesidir. Bu genel ama\u00e7 do\u011frultusunda g\u00f6ren bireylerin;<\/p>\n","protected":false},"author":1,"featured_media":0,"parent":0,"menu_order":0,"comment_status":"closed","ping_status":"closed","template":"","meta":{"footnotes":""},"_links":{"self":[{"href":"https:\/\/brailleoku.com.tr\/index.php?rest_route=\/wp\/v2\/pages\/10"}],"collection":[{"href":"https:\/\/brailleoku.com.tr\/index.php?rest_route=\/wp\/v2\/pages"}],"about":[{"href":"https:\/\/brailleoku.com.tr\/index.php?rest_route=\/wp\/v2\/types\/page"}],"author":[{"embeddable":true,"href":"https:\/\/brailleoku.com.tr\/index.php?rest_route=\/wp\/v2\/users\/1"}],"replies":[{"embeddable":true,"href":"https:\/\/brailleoku.com.tr\/index.php?rest_route=%2Fwp%2Fv2%2Fcomments&post=10"}],"version-history":[{"count":2,"href":"https:\/\/brailleoku.com.tr\/index.php?rest_route=\/wp\/v2\/pages\/10\/revisions"}],"predecessor-version":[{"id":31,"href":"https:\/\/brailleoku.com.tr\/index.php?rest_route=\/wp\/v2\/pages\/10\/revisions\/31"}],"wp:attachment":[{"href":"https:\/\/brailleoku.com.tr\/index.php?rest_route=%2Fwp%2Fv2%2Fmedia&parent=10"}],"curies":[{"name":"wp","href":"https:\/\/api.w.org\/{rel}","templated":true}]}}